{"id":181,"date":"2024-01-19T20:23:53","date_gmt":"2024-01-19T20:23:53","guid":{"rendered":"https:\/\/mfc-fairtrade.com\/?page_id=181"},"modified":"2024-09-23T14:07:35","modified_gmt":"2024-09-23T09:07:35","slug":"home","status":"publish","type":"page","link":"https:\/\/mfc-fairtrade.com\/de\/","title":{"rendered":"Home"},"content":{"rendered":"<div data-elementor-type=\"wp-page\" data-elementor-id=\"181\" class=\"elementor elementor-181\">\n\t\t\t\t\t\t<section class=\"elementor-section elementor-top-section elementor-element elementor-element-bcb6020 elementor-section-boxed elementor-section-height-default elementor-section-height-default\" data-id=\"bcb6020\" data-element_type=\"section\">\n\t\t\t\t\t\t<div class=\"elementor-container elementor-column-gap-default\">\n\t\t\t\t\t<div class=\"elementor-column elementor-col-100 elementor-top-column elementor-element elementor-element-62b651dc\" data-id=\"62b651dc\" data-element_type=\"column\">\n\t\t\t<div class=\"elementor-widget-wrap elementor-element-populated\">\n\t\t\t\t\t\t<div class=\"elementor-element elementor-element-5ffb82e4 elementor-widget elementor-widget-flex-slider\" data-id=\"5ffb82e4\" data-element_type=\"widget\" data-widget_type=\"flex-slider.default\">\n\t\t\t\t<div class=\"elementor-widget-container\">\n\t\t\t\t\t\t\t\t<div class=\"flexslider directionnav-\" data-height=\"738\" data-height_tablet=\"589\" data-height_mobile=\"799\" data-animation_images=\"\" data-autoplay=\"true\" data-slideshowspeed=\"3000\" data-directionnav=\"\" data-controlnav=\"\" data-prevtext=\"\" data-nexttext=\"\">\r\n\t\t\t\t<ul class=\"slides\">\r\n\t\t\t\t\t<li class=\"item-slide\">\r\n\t\t\t\t\t\t\t\t\t<div class=\"bgimg\" style=\"background-image:url(); background-size: cover; background-position: 50%;\"><\/div>\r\n\t\t\t\t\t\t\t\t\t\r\n\t\t\t\t\t\t\t\t\t<img decoding=\"async\" src=\"https:\/\/mfc-fairtrade.com\/wp-content\/uploads\/2024\/01\/main-picture-1.webp\" alt=\"shape\" class=\"bg_shape elementor-repeater-item-bec0cc0_shape_two fromTop captionDelay2\"><img decoding=\"async\" src=\"https:\/\/mfc-fairtrade.com\/wp-content\/uploads\/2024\/01\/bg-2.png\" alt=\"shape\" class=\"bg_shape elementor-repeater-item-bec0cc0_shape_three\"><img decoding=\"async\" src=\"https:\/\/mfc-fairtrade.com\/wp-content\/uploads\/2024\/01\/Slider_01.png\" alt=\"shape\" class=\"bg_shape elementor-repeater-item-bec0cc0_shape_five\">\r\n\t\t\t\t\t\t\t\t\t<div class=\"flex_caption container\">\r\n\t\t                        \t\t<h3 class=\"sub-title captionDelay8 fromTop\">Willkommen bei Mountain Fruits<\/h3>\r\n\t\t                        \t\t<h1 class=\"title captionDelay6 fromTop\">Bio-Fr\u00fcchte<\/br>\n&amp; Nuts<\/h1>\r\n\t\t                        \t\t<p class=\"desc captionDelay2 fromTop\">The foremost source of natural ingredients<\/p>\r\n\t\t                        \t\t<ul class=\"button-group\"> <li class=\"fromTop\">\r\n\t\t\t\t\t\t\t\t\t\t\t<a href=\"\/de\/products\/\" class=\"button-one elementor-repeater-item-b3ef52f\">Unsere Produkte <span class=\"btn-icon-right\"><i aria-hidden=\"true\" class=\"fas fa-angle-double-right\"><\/i><\/span><\/a>\r\n\t\t\t\t\t\t\t\t\t\t<\/li><li class=\"fromTop\">\r\n\t\t\t\t\t\t\t\t\t\t\t<a href=\"http:\/\/about-us\/\" class=\"button-one elementor-repeater-item-4515471\">Erfahren Sie mehr <span class=\"btn-icon-right\"><i aria-hidden=\"true\" class=\"fas fa-angle-double-right\"><\/i><\/span><\/a>\r\n\t\t\t\t\t\t\t\t\t\t<\/li><\/ul>\r\n\t\t\t\t                    <\/div>\t                    \r\n\t\t\t\t                    \r\n\t\t\t\t\t\t\t\t<\/li>\t\t\t\t<\/ul> \r\n\t\t\t<\/div>\r\n\t\t\t\t\t\t\t<\/div>\n\t\t\t\t<\/div>\n\t\t\t\t\t<\/div>\n\t\t<\/div>\n\t\t\t\t\t<\/div>\n\t\t<\/section>\n\t\t\t\t<section class=\"elementor-section elementor-top-section elementor-element elementor-element-2d483a6a elementor-section-boxed elementor-section-height-default elementor-section-height-default\" data-id=\"2d483a6a\" data-element_type=\"section\">\n\t\t\t\t\t\t<div class=\"elementor-container elementor-column-gap-default\">\n\t\t\t\t\t<div class=\"elementor-column elementor-col-50 elementor-top-column elementor-element elementor-element-19b6476e animated-slow\" data-id=\"19b6476e\" data-element_type=\"column\" data-settings=\"{&quot;animation&quot;:&quot;none&quot;}\">\n\t\t\t<div class=\"elementor-widget-wrap elementor-element-populated\">\n\t\t\t\t\t\t<div class=\"elementor-element elementor-element-3f058634 elementor-widget-tablet__width-initial elementor-widget-mobile__width-initial elementor-widget elementor-widget-image\" data-id=\"3f058634\" data-element_type=\"widget\" data-widget_type=\"image.default\">\n\t\t\t\t<div class=\"elementor-widget-container\">\n\t\t\t\t\t\t\t\t\t\t\t\t\t\t\t<img decoding=\"async\" src=\"https:\/\/mfc-fairtrade.com\/wp-content\/uploads\/elementor\/thumbs\/DSC01363-qj8ajqakd3704jm9gmf9g4fnlbassk3nbx2wcoxpjk.webp\" title=\"Fresh Cherry\" alt=\"Cherry\" loading=\"lazy\" \/>\t\t\t\t\t\t\t\t\t\t\t\t\t\t\t<\/div>\n\t\t\t\t<\/div>\n\t\t\t\t<div class=\"elementor-element elementor-element-4ec7b961 elementor-widget-tablet__width-initial elementor-hidden-mobile elementor-widget elementor-widget-image\" data-id=\"4ec7b961\" data-element_type=\"widget\" data-widget_type=\"image.default\">\n\t\t\t\t<div class=\"elementor-widget-container\">\n\t\t\t\t\t\t\t\t\t\t\t\t\t\t\t<img decoding=\"async\" src=\"https:\/\/mfc-fairtrade.com\/wp-content\/uploads\/elementor\/thumbs\/DSC01647-2-scaled-e1706977411990-qj9uhr5c94n0afb8iwotx24rnmsjk2qjfimwa107kw.jpg\" title=\"Dry Apricots\" alt=\"Dry apricots\" loading=\"lazy\" \/>\t\t\t\t\t\t\t\t\t\t\t\t\t\t\t<\/div>\n\t\t\t\t<\/div>\n\t\t\t\t<div class=\"elementor-element elementor-element-3070f683 elementor-widget-tablet__width-initial elementor-hidden-tablet elementor-hidden-mobile_extra elementor-hidden-mobile elementor-widget elementor-widget-image\" data-id=\"3070f683\" data-element_type=\"widget\" data-widget_type=\"image.default\">\n\t\t\t\t<div class=\"elementor-widget-container\">\n\t\t\t\t\t\t\t\t\t\t\t\t\t\t\t<img decoding=\"async\" src=\"https:\/\/mfc-fairtrade.com\/wp-content\/uploads\/elementor\/thumbs\/4-1024x768-1-qil3kx0b67brw5k1168klf69gr9wh7thw85c7l6zqw.webp\" title=\"Verarbeitung von getrockneten Aprikosen\" alt=\"Dried apricot processing\" loading=\"lazy\" \/>\t\t\t\t\t\t\t\t\t\t\t\t\t\t\t<\/div>\n\t\t\t\t<\/div>\n\t\t\t\t<div class=\"elementor-element elementor-element-19aa292b elementor-widget__width-auto elementor-widget elementor-widget-image-box\" data-id=\"19aa292b\" data-element_type=\"widget\" data-widget_type=\"image-box.default\">\n\t\t\t\t<div class=\"elementor-widget-container\">\n\t\t\t\t\t<div class=\"elementor-image-box-wrapper\"><div class=\"elementor-image-box-content\"><p class=\"elementor-image-box-title\">100%<\/p><p class=\"elementor-image-box-description\">FAIR &amp; BIO<\/p><\/div><\/div>\t\t\t\t<\/div>\n\t\t\t\t<\/div>\n\t\t\t\t\t<\/div>\n\t\t<\/div>\n\t\t\t\t<div class=\"elementor-column elementor-col-50 elementor-top-column elementor-element elementor-element-6fb6ea86\" data-id=\"6fb6ea86\" data-element_type=\"column\">\n\t\t\t<div class=\"elementor-widget-wrap elementor-element-populated\">\n\t\t\t\t\t\t<div class=\"elementor-element elementor-element-1ef29376 elementor-widget elementor-widget-heading\" data-id=\"1ef29376\" data-element_type=\"widget\" data-widget_type=\"heading.default\">\n\t\t\t\t<div class=\"elementor-widget-container\">\n\t\t\t\t\t<h3 class=\"elementor-heading-title elementor-size-default\">\u00dcber Mountain Fruits<\/h3>\t\t\t\t<\/div>\n\t\t\t\t<\/div>\n\t\t\t\t<div class=\"elementor-element elementor-element-e42e681 elementor-widget elementor-widget-text-editor\" data-id=\"e42e681\" data-element_type=\"widget\" data-widget_type=\"text-editor.default\">\n\t\t\t\t<div class=\"elementor-widget-container\">\n\t\t\t\t\t\t\t\t\t<p><span style=\"font-weight: 400;\">Mountain Fruits ist in den n\u00f6rdlichen Gebieten Pakistans t\u00e4tig, die als Gilgit-Baltistan bekannt sind und im Norden an Afghanistan und im Osten an die Region Xinjiang in China grenzen. Die Region besteht haupts\u00e4chlich aus Bergen und nat\u00fcrlichen Weideland mit nat\u00fcrlichen W\u00e4ldern, w\u00e4hrend die restlichen 10 % aus landwirtschaftlich genutzten Fl\u00e4chen, landwirtschaftlichen W\u00e4ldern, kultivierbaren Abf\u00e4llen und nicht kultivierten Abf\u00e4llen bestehen. Gilgit-Baltistan verf\u00fcgt aufgrund der gro\u00dfen H\u00f6henunterschiede und der damit verbundenen Unterschiede im Klima, der Bodenbeschaffenheit und der Sonneneinstrahlung \u00fcber eine reiche Vielfalt an Pflanzen- und Tierleben. Die Region beherbergt einige der h\u00f6chsten Bergketten der Welt.<\/span><\/p>\t\t\t\t\t\t\t\t<\/div>\n\t\t\t\t<\/div>\n\t\t\t\t<section class=\"elementor-section elementor-inner-section elementor-element elementor-element-59d5c024 animated-slow elementor-section-boxed elementor-section-height-default elementor-section-height-default elementor-invisible\" data-id=\"59d5c024\" data-element_type=\"section\" data-settings=\"{&quot;animation&quot;:&quot;fadeInUp&quot;}\">\n\t\t\t\t\t\t<div class=\"elementor-container elementor-column-gap-default\">\n\t\t\t\t\t<div class=\"elementor-column elementor-col-50 elementor-inner-column elementor-element elementor-element-24fae3af\" data-id=\"24fae3af\" data-element_type=\"column\">\n\t\t\t<div class=\"elementor-widget-wrap elementor-element-populated\">\n\t\t\t\t\t\t<div class=\"elementor-element elementor-element-49066d5b elementor-vertical-align-middle elementor-widget elementor-widget-image-box\" data-id=\"49066d5b\" data-element_type=\"widget\" data-widget_type=\"image-box.default\">\n\t\t\t\t<div class=\"elementor-widget-container\">\n\t\t\t\t\t<div class=\"elementor-image-box-wrapper\"><div class=\"elementor-image-box-content\"><h5 class=\"elementor-image-box-title\">Mr. Sher Ghazi <\/h5><p class=\"elementor-image-box-description\">Gesch\u00e4ftsf\u00fchrer und Gr\u00fcnder<\/p><\/div><\/div>\t\t\t\t<\/div>\n\t\t\t\t<\/div>\n\t\t\t\t\t<\/div>\n\t\t<\/div>\n\t\t\t\t<div class=\"elementor-column elementor-col-50 elementor-inner-column elementor-element elementor-element-8ab8cc3\" data-id=\"8ab8cc3\" data-element_type=\"column\">\n\t\t\t<div class=\"elementor-widget-wrap elementor-element-populated\">\n\t\t\t\t\t\t<div class=\"elementor-element elementor-element-c80d544 elementor-align-center elementor-widget elementor-widget-elementskit-button\" data-id=\"c80d544\" data-element_type=\"widget\" data-widget_type=\"elementskit-button.default\">\n\t\t\t\t<div class=\"elementor-widget-container\">\n\t\t\t\t\t<div class=\"ekit-wid-con\" >\t\t<div class=\"ekit-btn-wraper\">\n\t\t\t\t\t\t\t<a href=\"\/de\/about-us\/\" class=\"elementskit-btn  whitespace--normal\" id=\"\">\n\t\t\t\t\tLearn more \t\t\t\t<\/a>\n\t\t\t\t\t<\/div>\n        <\/div>\t\t\t\t<\/div>\n\t\t\t\t<\/div>\n\t\t\t\t\t<\/div>\n\t\t<\/div>\n\t\t\t\t\t<\/div>\n\t\t<\/section>\n\t\t\t\t\t<\/div>\n\t\t<\/div>\n\t\t\t\t\t<\/div>\n\t\t<\/section>\n\t\t<div class=\"elementor-element elementor-element-ab7a3d5 e-flex e-con-boxed e-con e-parent\" data-id=\"ab7a3d5\" data-element_type=\"container\">\n\t\t\t\t\t<div class=\"e-con-inner\">\n\t\t\t\t<div class=\"elementor-element elementor-element-731108d elementor-widget elementor-widget-heading\" data-id=\"731108d\" data-element_type=\"widget\" data-widget_type=\"heading.default\">\n\t\t\t\t<div class=\"elementor-widget-container\">\n\t\t\t\t\t<h3 class=\"elementor-heading-title elementor-size-default\">Unsere Produkte<\/h3>\t\t\t\t<\/div>\n\t\t\t\t<\/div>\n\t\t\t\t\t<\/div>\n\t\t\t\t<\/div>\n\t\t<div class=\"elementor-element elementor-element-2b0b727f e-grid e-con-boxed e-con e-parent\" data-id=\"2b0b727f\" data-element_type=\"container\">\n\t\t\t\t\t<div class=\"e-con-inner\">\n\t\t\t\t<div class=\"elementor-element elementor-element-1f9b1b31 elementor-widget elementor-widget-tfimagebox\" data-id=\"1f9b1b31\" data-element_type=\"widget\" data-widget_type=\"tfimagebox.default\">\n\t\t\t\t<div class=\"elementor-widget-container\">\n\t\t\t\t\t<div class=\"tf-imagebox style-2\"> \r\n                <div class=\"image\"><img decoding=\"async\" src=\"https:\/\/mfc-fairtrade.com\/wp-content\/uploads\/elementor\/thumbs\/apricot-habi-1-qixhh3tl6o7v4iq9t3mut2s6ki41a2kki3j9woz3b8.webp\" title=\"apricot habi (1)\" alt=\"apricot habi (1)\" loading=\"lazy\" \/> <div class=\"image-overlay fade-in\"><\/div><\/div>\r\n                <div class=\"content-only\"> \r\n                \t               \t              \r\n\t\t\t\t\t<h4 class=\"title\"><a href=\"\/de\/order-now\/\">Organic<\/a><\/h4>\r\n\t\t\t\t<\/div>\r\n                <div class=\"content fade-in\">\t\r\n                \t                \r\n\t\t\t\t\t<h4 class=\"title\"><a href=\"\/de\/order-now\/\">Organic<\/a><\/h4>\r\n\t                <div class=\"description\">Apricot Habi<\/div>\r\n\t                <div class=\"tf-button-container\"><a  class=\"tf-button bt_icon_after hover-default\" href=\"\/de\/order-now\/\" >Order Now <i class=\"fas fa-angle-double-right\"><\/i><\/a><\/div>\r\n\t\t\t\t<\/div>\r\n            <\/div>\t\t\t\t<\/div>\n\t\t\t\t<\/div>\n\t\t\t\t<div class=\"elementor-element elementor-element-251bd1b9 elementor-widget elementor-widget-tfimagebox\" data-id=\"251bd1b9\" data-element_type=\"widget\" data-widget_type=\"tfimagebox.default\">\n\t\t\t\t<div class=\"elementor-widget-container\">\n\t\t\t\t\t<div class=\"tf-imagebox style-2\"> \r\n                <div class=\"image\"><img decoding=\"async\" src=\"https:\/\/mfc-fairtrade.com\/wp-content\/uploads\/elementor\/thumbs\/almond-oil-2-qixi8pczujzy0cn3nj3iim2egs30a54ump3i661ymc.webp\" title=\"almond oil 2\" alt=\"almond oil 2\" loading=\"lazy\" \/> <div class=\"image-overlay fade-in\"><\/div><\/div>\r\n                <div class=\"content-only\"> \r\n                \t               \t              \r\n\t\t\t\t\t<h4 class=\"title\"><a href=\"\/de\/order-now\/\">Organic<\/a><\/h4>\r\n\t\t\t\t<\/div>\r\n                <div class=\"content fade-in\">\t\r\n                \t                \r\n\t\t\t\t\t<h4 class=\"title\"><a href=\"\/de\/order-now\/\">Organic<\/a><\/h4>\r\n\t                <div class=\"description\">Almond Oil<\/div>\r\n\t                <div class=\"tf-button-container\"><a  class=\"tf-button bt_icon_after hover-default\" href=\"\/de\/order-now\/\" >Order Now <i class=\"fas fa-angle-double-right\"><\/i><\/a><\/div>\r\n\t\t\t\t<\/div>\r\n            <\/div>\t\t\t\t<\/div>\n\t\t\t\t<\/div>\n\t\t\t\t<div class=\"elementor-element elementor-element-58470f94 elementor-widget elementor-widget-tfimagebox\" data-id=\"58470f94\" data-element_type=\"widget\" data-widget_type=\"tfimagebox.default\">\n\t\t\t\t<div class=\"elementor-widget-container\">\n\t\t\t\t\t<div class=\"tf-imagebox style-2\"> \r\n                <div class=\"image\"><img decoding=\"async\" src=\"https:\/\/mfc-fairtrade.com\/wp-content\/uploads\/elementor\/thumbs\/dry-apple-qixr8c6iy111f0jmux88ig0tjqxligxssjaxmw769w.webp\" title=\"dry apple\" alt=\"dry apple\" loading=\"lazy\" \/> <div class=\"image-overlay fade-in\"><\/div><\/div>\r\n                <div class=\"content-only\"> \r\n                \t               \t              \r\n\t\t\t\t\t<h4 class=\"title\"><a href=\"\/de\/order-now\/\">Organic<\/a><\/h4>\r\n\t\t\t\t<\/div>\r\n                <div class=\"content fade-in\">\t\r\n                \t                \r\n\t\t\t\t\t<h4 class=\"title\"><a href=\"\/de\/order-now\/\">Organic<\/a><\/h4>\r\n\t                <div class=\"description\">Dried Apple<\/div>\r\n\t                <div class=\"tf-button-container\"><a  class=\"tf-button bt_icon_after hover-default\" href=\"\/de\/order-now\/\" >Order Now <i class=\"fas fa-angle-double-right\"><\/i><\/a><\/div>\r\n\t\t\t\t<\/div>\r\n            <\/div>\t\t\t\t<\/div>\n\t\t\t\t<\/div>\n\t\t\t\t\t<\/div>\n\t\t\t\t<\/div>\n\t\t<div class=\"elementor-element elementor-element-926399f e-flex e-con-boxed e-con e-parent\" data-id=\"926399f\" data-element_type=\"container\">\n\t\t\t\t\t<div class=\"e-con-inner\">\n\t\t\t\t<div class=\"elementor-element elementor-element-7eaf13e elementor-align-center elementor-widget elementor-widget-elementskit-button\" data-id=\"7eaf13e\" data-element_type=\"widget\" data-widget_type=\"elementskit-button.default\">\n\t\t\t\t<div class=\"elementor-widget-container\">\n\t\t\t\t\t<div class=\"ekit-wid-con\" >\t\t<div class=\"ekit-btn-wraper\">\n\t\t\t\t\t\t\t<a href=\"\/de\/products\/\" class=\"elementskit-btn  whitespace--normal\" id=\"\">\n\t\t\t\t\tAlle Produkte ansehen\t\t\t\t<\/a>\n\t\t\t\t\t<\/div>\n        <\/div>\t\t\t\t<\/div>\n\t\t\t\t<\/div>\n\t\t\t\t\t<\/div>\n\t\t\t\t<\/div>\n\t\t\t\t<section class=\"elementor-section elementor-top-section elementor-element elementor-element-6c316bd elementor-section-full_width elementor-section-height-default elementor-section-height-default\" data-id=\"6c316bd\" data-element_type=\"section\">\n\t\t\t\t\t\t<div class=\"elementor-container elementor-column-gap-default\">\n\t\t\t\t\t<div class=\"elementor-column elementor-col-25 elementor-top-column elementor-element elementor-element-e5c00ca\" data-id=\"e5c00ca\" data-element_type=\"column\">\n\t\t\t<div class=\"elementor-widget-wrap elementor-element-populated\">\n\t\t\t\t\t\t<div class=\"elementor-element elementor-element-49a6cf8e elementor-widget elementor-widget-image\" data-id=\"49a6cf8e\" data-element_type=\"widget\" data-widget_type=\"image.default\">\n\t\t\t\t<div class=\"elementor-widget-container\">\n\t\t\t\t\t\t\t\t\t\t\t\t\t\t\t<img decoding=\"async\" src=\"https:\/\/mfc-fairtrade.com\/wp-content\/uploads\/elementor\/thumbs\/nilma-likes-qixw3oylbfokcmg2ob2rr8mjslnv0gcvxi6u3uf514.webp\" title=\"nilma likes\" alt=\"nilma likes\" loading=\"lazy\" \/>\t\t\t\t\t\t\t\t\t\t\t\t\t\t\t<\/div>\n\t\t\t\t<\/div>\n\t\t\t\t\t<\/div>\n\t\t<\/div>\n\t\t\t\t<div class=\"elementor-column elementor-col-25 elementor-top-column elementor-element elementor-element-258e9fa7\" data-id=\"258e9fa7\" data-element_type=\"column\">\n\t\t\t<div class=\"elementor-widget-wrap elementor-element-populated\">\n\t\t\t\t\t\t<div class=\"elementor-element elementor-element-59e11831 elementor-widget elementor-widget-image\" data-id=\"59e11831\" data-element_type=\"widget\" data-widget_type=\"image.default\">\n\t\t\t\t<div class=\"elementor-widget-container\">\n\t\t\t\t\t\t\t\t\t\t\t\t\t\t\t<img fetchpriority=\"high\" decoding=\"async\" width=\"1920\" height=\"1440\" src=\"https:\/\/mfc-fairtrade.com\/wp-content\/uploads\/2024\/02\/DSC01711.webp\" class=\"attachment-full size-full wp-image-922\" alt=\"\" srcset=\"https:\/\/mfc-fairtrade.com\/wp-content\/uploads\/2024\/02\/DSC01711.webp 1920w, https:\/\/mfc-fairtrade.com\/wp-content\/uploads\/2024\/02\/DSC01711-300x225.webp 300w, https:\/\/mfc-fairtrade.com\/wp-content\/uploads\/2024\/02\/DSC01711-1024x768.webp 1024w, https:\/\/mfc-fairtrade.com\/wp-content\/uploads\/2024\/02\/DSC01711-768x576.webp 768w, https:\/\/mfc-fairtrade.com\/wp-content\/uploads\/2024\/02\/DSC01711-1536x1152.webp 1536w\" sizes=\"(max-width: 1920px) 100vw, 1920px\" \/>\t\t\t\t\t\t\t\t\t\t\t\t\t\t\t<\/div>\n\t\t\t\t<\/div>\n\t\t\t\t\t<\/div>\n\t\t<\/div>\n\t\t\t\t<div class=\"elementor-column elementor-col-25 elementor-top-column elementor-element elementor-element-55830008\" data-id=\"55830008\" data-element_type=\"column\">\n\t\t\t<div class=\"elementor-widget-wrap elementor-element-populated\">\n\t\t\t\t\t\t<div class=\"elementor-element elementor-element-46ba0d68 elementor-widget elementor-widget-image\" data-id=\"46ba0d68\" data-element_type=\"widget\" data-widget_type=\"image.default\">\n\t\t\t\t<div class=\"elementor-widget-container\">\n\t\t\t\t\t\t\t\t\t\t\t\t\t\t\t<img decoding=\"async\" src=\"https:\/\/mfc-fairtrade.com\/wp-content\/uploads\/elementor\/thumbs\/C-qj680tilpc4ui30n1fav0mek5800gk79qbinqxevqw.webp\" title=\"C\" alt=\"C\" loading=\"lazy\" \/>\t\t\t\t\t\t\t\t\t\t\t\t\t\t\t<\/div>\n\t\t\t\t<\/div>\n\t\t\t\t\t<\/div>\n\t\t<\/div>\n\t\t\t\t<div class=\"elementor-column elementor-col-25 elementor-top-column elementor-element elementor-element-236ab5f9\" data-id=\"236ab5f9\" data-element_type=\"column\">\n\t\t\t<div class=\"elementor-widget-wrap elementor-element-populated\">\n\t\t\t\t\t\t<div class=\"elementor-element elementor-element-2dfcd7ad elementor-widget elementor-widget-image\" data-id=\"2dfcd7ad\" data-element_type=\"widget\" data-widget_type=\"image.default\">\n\t\t\t\t<div class=\"elementor-widget-container\">\n\t\t\t\t\t\t\t\t\t\t\t\t\t\t\t<img decoding=\"async\" src=\"https:\/\/mfc-fairtrade.com\/wp-content\/uploads\/elementor\/thumbs\/dry-fruit-and-oil-qixw96cp6n6s2qhcnoefautcjimxww4ion6svyagqg.webp\" title=\"dry fruit and oil\" alt=\"dry fruit and oil\" loading=\"lazy\" \/>\t\t\t\t\t\t\t\t\t\t\t\t\t\t\t<\/div>\n\t\t\t\t<\/div>\n\t\t\t\t\t<\/div>\n\t\t<\/div>\n\t\t\t\t\t<\/div>\n\t\t<\/section>\n\t\t<div class=\"elementor-element elementor-element-3a9a9e38 e-con-full e-flex e-con e-parent\" data-id=\"3a9a9e38\" data-element_type=\"container\">\n\t\t\t\t<div class=\"elementor-element elementor-element-3d14a9c4 elementor-widget elementor-widget-shortcode\" data-id=\"3d14a9c4\" data-element_type=\"widget\" data-widget_type=\"shortcode.default\">\n\t\t\t\t<div class=\"elementor-widget-container\">\n\t\t\t\t\t\t\t<div class=\"elementor-shortcode\"><iframe src=\"https:\/\/www.google.com\/maps\/embed?pb=!1m14!1m8!1m3!1d12868.783521098643!2d74.5466988!3d36.2590231!3m2!1i1024!2i768!4f13.1!3m3!1m2!1s0x38e6213e34cdd9e5%3A0x573091c308ddfbef!2sMountain%20Fruits%20Private%20Ltd!5e0!3m2!1sen!2s!4v1706351178225!5m2!1sen!2s\" width=\"800\" height=\"500\" style=\"border:0;\" allowfullscreen=\"\" loading=\"lazy\" referrerpolicy=\"no-referrer-when-downgrade\"><\/iframe><\/div>\n\t\t\t\t\t\t<\/div>\n\t\t\t\t<\/div>\n\t\t\t\t<\/div>\n\t\t\t\t<\/div>","protected":false},"excerpt":{"rendered":"<p>Welcome to Mountain Fruits Organic Fruits &amp; Nuts The foremost source of natural ingredients Our Products Learn More 100% FAIR [&hellip;]<\/p>","protected":false},"author":2,"featured_media":0,"parent":0,"menu_order":0,"comment_status":"closed","ping_status":"closed","template":"","meta":{"site-sidebar-layout":"default","site-content-layout":"","ast-site-content-layout":"","site-content-style":"default","site-sidebar-style":"default","ast-global-header-display":"","ast-banner-title-visibility":"","ast-main-header-display":"","ast-hfb-above-header-display":"","ast-hfb-below-header-display":"","ast-hfb-mobile-header-display":"","site-post-title":"","ast-breadcrumbs-content":"","ast-featured-img":"","footer-sml-layout":"","theme-transparent-header-meta":"","adv-header-id-meta":"","stick-header-meta":"","header-above-stick-meta":"","header-main-stick-meta":"","header-below-stick-meta":"","astra-migrate-meta-layouts":"default","ast-page-background-enabled":"default","ast-page-background-meta":{"desktop":{"background-color":"var(--ast-global-color-4)","background-image":"","background-repeat":"repeat","background-position":"center center","background-size":"auto","background-attachment":"scroll","background-type":"","background-media":"","overlay-type":"","overlay-color":"","overlay-opacity":"","overlay-gradient":""},"tablet":{"background-color":"","background-image":"","background-repeat":"repeat","background-position":"center center","background-size":"auto","background-attachment":"scroll","background-type":"","background-media":"","overlay-type":"","overlay-color":"","overlay-opacity":"","overlay-gradient":""},"mobile":{"background-color":"","background-image":"","background-repeat":"repeat","background-position":"center center","background-size":"auto","background-attachment":"scroll","background-type":"","background-media":"","overlay-type":"","overlay-color":"","overlay-opacity":"","overlay-gradient":""}},"ast-content-background-meta":{"desktop":{"background-color":"var(--ast-global-color-5)","background-image":"","background-repeat":"repeat","background-position":"center center","background-size":"auto","background-attachment":"scroll","background-type":"","background-media":"","overlay-type":"","overlay-color":"","overlay-opacity":"","overlay-gradient":""},"tablet":{"background-color":"var(--ast-global-color-5)","background-image":"","background-repeat":"repeat","background-position":"center center","background-size":"auto","background-attachment":"scroll","background-type":"","background-media":"","overlay-type":"","overlay-color":"","overlay-opacity":"","overlay-gradient":""},"mobile":{"background-color":"var(--ast-global-color-5)","background-image":"","background-repeat":"repeat","background-position":"center center","background-size":"auto","background-attachment":"scroll","background-type":"","background-media":"","overlay-type":"","overlay-color":"","overlay-opacity":"","overlay-gradient":""}},"footnotes":""},"class_list":["post-181","page","type-page","status-publish","hentry"],"_links":{"self":[{"href":"https:\/\/mfc-fairtrade.com\/de\/wp-json\/wp\/v2\/pages\/181","targetHints":{"allow":["GET"]}}],"collection":[{"href":"https:\/\/mfc-fairtrade.com\/de\/wp-json\/wp\/v2\/pages"}],"about":[{"href":"https:\/\/mfc-fairtrade.com\/de\/wp-json\/wp\/v2\/types\/page"}],"author":[{"embeddable":true,"href":"https:\/\/mfc-fairtrade.com\/de\/wp-json\/wp\/v2\/users\/2"}],"replies":[{"embeddable":true,"href":"https:\/\/mfc-fairtrade.com\/de\/wp-json\/wp\/v2\/comments?post=181"}],"version-history":[{"count":194,"href":"https:\/\/mfc-fairtrade.com\/de\/wp-json\/wp\/v2\/pages\/181\/revisions"}],"predecessor-version":[{"id":1486,"href":"https:\/\/mfc-fairtrade.com\/de\/wp-json\/wp\/v2\/pages\/181\/revisions\/1486"}],"wp:attachment":[{"href":"https:\/\/mfc-fairtrade.com\/de\/wp-json\/wp\/v2\/media?parent=181"}],"curies":[{"name":"wp","href":"https:\/\/api.w.org\/{rel}","templated":true}]}}