{"id":241,"date":"2024-01-20T10:50:51","date_gmt":"2024-01-20T10:50:51","guid":{"rendered":"https:\/\/mfc-fairtrade.com\/?page_id=241"},"modified":"2024-02-02T18:08:18","modified_gmt":"2024-02-02T18:08:18","slug":"about-us","status":"publish","type":"page","link":"https:\/\/mfc-fairtrade.com\/de\/about-us\/","title":{"rendered":"\u00dcber uns"},"content":{"rendered":"<div data-elementor-type=\"wp-page\" data-elementor-id=\"241\" class=\"elementor elementor-241\">\n\t\t\t\t\t\t<section class=\"elementor-section elementor-top-section elementor-element elementor-element-6bb000e2 elementor-section-height-min-height elementor-section-boxed elementor-section-height-default elementor-section-items-middle\" data-id=\"6bb000e2\" data-element_type=\"section\" data-settings=\"{&quot;background_background&quot;:&quot;classic&quot;}\">\n\t\t\t\t\t\t\t<div class=\"elementor-background-overlay\"><\/div>\n\t\t\t\t\t\t\t<div class=\"elementor-container elementor-column-gap-default\">\n\t\t\t\t\t<div class=\"elementor-column elementor-col-100 elementor-top-column elementor-element elementor-element-5d69561d\" data-id=\"5d69561d\" data-element_type=\"column\" data-settings=\"{&quot;background_background&quot;:&quot;classic&quot;}\">\n\t\t\t<div class=\"elementor-widget-wrap elementor-element-populated\">\n\t\t\t\t\t\t<div class=\"elementor-element elementor-element-cdce906 elementor-widget elementor-widget-heading\" data-id=\"cdce906\" data-element_type=\"widget\" data-widget_type=\"heading.default\">\n\t\t\t\t<div class=\"elementor-widget-container\">\n\t\t\t\t\t<h1 class=\"elementor-heading-title elementor-size-default\">\u00dcber uns<\/h1>\t\t\t\t<\/div>\n\t\t\t\t<\/div>\n\t\t\t\t\t<\/div>\n\t\t<\/div>\n\t\t\t\t\t<\/div>\n\t\t<\/section>\n\t\t<div class=\"elementor-element elementor-element-e1779b4 e-flex e-con-boxed e-con e-parent\" data-id=\"e1779b4\" data-element_type=\"container\">\n\t\t\t\t\t<div class=\"e-con-inner\">\n\t\t<div class=\"elementor-element elementor-element-f24f4d5 e-flex e-con-boxed e-con e-child\" data-id=\"f24f4d5\" data-element_type=\"container\">\n\t\t\t\t\t<div class=\"e-con-inner\">\n\t\t\t\t<div class=\"elementor-element elementor-element-a200061 elementor-widget elementor-widget-heading\" data-id=\"a200061\" data-element_type=\"widget\" data-widget_type=\"heading.default\">\n\t\t\t\t<div class=\"elementor-widget-container\">\n\t\t\t\t\t<h2 class=\"elementor-heading-title elementor-size-default\">Region<\/h2>\t\t\t\t<\/div>\n\t\t\t\t<\/div>\n\t\t\t\t<div class=\"elementor-element elementor-element-2096bb1 elementor-widget elementor-widget-text-editor\" data-id=\"2096bb1\" data-element_type=\"widget\" data-widget_type=\"text-editor.default\">\n\t\t\t\t<div class=\"elementor-widget-container\">\n\t\t\t\t\t\t\t\t\t<p><span style=\"font-weight: 400;\">Mountain Fruits ist in den n\u00f6rdlichen Gebieten Pakistans t\u00e4tig, die als Gilgit-Baltistan bekannt sind und im Norden an Afghanistan und im Osten an die Region Xinjiang in China grenzen. Die Region besteht haupts\u00e4chlich aus Bergen und nat\u00fcrlichen Weideland mit nat\u00fcrlichen W\u00e4ldern, w\u00e4hrend die restlichen 10 % aus landwirtschaftlich genutzten Fl\u00e4chen, landwirtschaftlichen W\u00e4ldern, kultivierbaren Abf\u00e4llen und nicht kultivierten Abf\u00e4llen bestehen. Gilgit-Baltistan verf\u00fcgt aufgrund der gro\u00dfen H\u00f6henunterschiede und der damit verbundenen Unterschiede im Klima, der Bodenbeschaffenheit und der Sonneneinstrahlung \u00fcber eine reiche Vielfalt an Pflanzen- und Tierleben. Die Region beherbergt einige der h\u00f6chsten Bergketten der Welt. Die Hauptverbreitungsgebiete sind der Karakorum und der westliche Himalaya. Im Norden liegt das Pamir-Gebirge, im Westen der Hindukusch. Zu den h\u00f6chsten Bergen z\u00e4hlen der K2 und der Nanga Parbat, wobei letzterer einer der gef\u00fcrchtetsten Berge der Welt ist. In Gilgit-Baltistan befinden sich drei der l\u00e4ngsten Gletscher der Welt au\u00dferhalb der Polarregionen: der Biafo-Gletscher, der Baltoro-Gletscher und der Batura-Gletscher.<\/span><\/p>\t\t\t\t\t\t\t\t<\/div>\n\t\t\t\t<\/div>\n\t\t\t\t\t<\/div>\n\t\t\t\t<\/div>\n\t\t<div class=\"elementor-element elementor-element-52dac60 e-flex e-con-boxed e-con e-child\" data-id=\"52dac60\" data-element_type=\"container\">\n\t\t\t\t\t<div class=\"e-con-inner\">\n\t\t\t\t<div class=\"elementor-element elementor-element-4d7035b elementor-widget elementor-widget-heading\" data-id=\"4d7035b\" data-element_type=\"widget\" data-widget_type=\"heading.default\">\n\t\t\t\t<div class=\"elementor-widget-container\">\n\t\t\t\t\t<h2 class=\"elementor-heading-title elementor-size-default\">Gr\u00fcnder<\/h2>\t\t\t\t<\/div>\n\t\t\t\t<\/div>\n\t\t\t\t<div class=\"elementor-element elementor-element-6a8b582 elementor-widget elementor-widget-text-editor\" data-id=\"6a8b582\" data-element_type=\"widget\" data-widget_type=\"text-editor.default\">\n\t\t\t\t<div class=\"elementor-widget-container\">\n\t\t\t\t\t\t\t\t\t<p><span style=\"font-weight: 400;\">Nach meinem Abschluss als erster Lebensmitteltechnologe in der Gemeinde wurde mir klar, dass unsere flei\u00dfigen Bauern ihre biologisch angebauten Fr\u00fcchte durch unhygienisches traditionelles Trocknen in der Sonne verschwendeten. Die Fr\u00fcchte waren durch Staub und Fliegen verunreinigt, w\u00e4hrend pl\u00f6tzliche Sommerregen ihre Farbe verschlechterten. Die Qualit\u00e4t des Endprodukts war aufgrund der Unwissenheit der Landwirte und mangelnder Technologie minderwertig und wertlos. Folglich waren die Landwirte nicht in der Lage, \u00fcber den Obstpreis zu verhandeln, sondern mussten den von den Agenten angebotenen Nominalpreis akzeptieren. Laut meiner ersten Umfrage im Jahr 1999 erhielten die Bauern kaum die Arbeitskosten der Produktion, geschweige denn den Wert der Fr\u00fcchte. Damals arbeitete ich mit einer NGO (AKRSP) zusammen und beschloss, die F\u00fchrung zu \u00fcbernehmen und schlug vor, ein Projekt zu initiieren, das darauf abzielte, in Gilgit-Baltistan Trockenfr\u00fcchte in Exportqualit\u00e4t zu produzieren. Ziel war es, die verstreuten Berggemeinden in Gruppen zu organisieren und ihnen durch den Export von hygienisch getrockneten Fr\u00fcchten an hochwertige Biom\u00e4rkte zu helfen.<\/span> <span style=\"font-weight: 400;\">In the year 2004 active as the project manager, I incorporated the project as an independent business namely Mountain Fruits Private Limited. Being a non-profit organization the NGO (AKRSP) sold the start-up in the year 2007 since they had no mandate to continue the project as a business. I purchased the majority shares in the business as the first CEO and decided to continue the business under the fairtrade system so that the farmers could continue to exist as an integral part of the business. Soon after privatization the company acquired fairtrade, organic (eu, nop &amp; biosuisse) and haccp certifications and got entry into the European market. In the year 2012, nuts and nut oil were introduced as the new products expanding the total export volume to 100MT.<\/span> <span style=\"font-weight: 400;\">After the Brexit our main buyers in the United Kingdom had to close their business which badly impacted our sales of dry fruit. As a small family-owned business we are still working in close collaboration with 1,400 farmers and committed to support the smallholders who lost their market share due to the global issues. We are grateful to the principles of fairtrade and commitment of our importers that enable us to export over 50MT dry fruit and nuts presently.<\/span><\/p>\t\t\t\t\t\t\t\t<\/div>\n\t\t\t\t<\/div>\n\t\t\t\t\t<\/div>\n\t\t\t\t<\/div>\n\t\t<div class=\"elementor-element elementor-element-1896b16 e-flex e-con-boxed e-con e-child\" data-id=\"1896b16\" data-element_type=\"container\">\n\t\t\t\t\t<div class=\"e-con-inner\">\n\t\t\t\t<div class=\"elementor-element elementor-element-a4429f7 elementor-widget elementor-widget-heading\" data-id=\"a4429f7\" data-element_type=\"widget\" data-widget_type=\"heading.default\">\n\t\t\t\t<div class=\"elementor-widget-container\">\n\t\t\t\t\t<h2 class=\"elementor-heading-title elementor-size-default\">Produkte<\/h2>\t\t\t\t<\/div>\n\t\t\t\t<\/div>\n\t\t\t\t<div class=\"elementor-element elementor-element-b180b01 elementor-widget elementor-widget-text-editor\" data-id=\"b180b01\" data-element_type=\"widget\" data-widget_type=\"text-editor.default\">\n\t\t\t\t<div class=\"elementor-widget-container\">\n\t\t\t\t\t\t\t\t\t<p><span style=\"font-weight: 400;\">The<\/span> <span style=\"font-weight: 400;\">Kleinbauern bauen zahlreiche Sorten Trockenfr\u00fcchte und N\u00fcsse an, die sich in Gr\u00f6\u00dfe und Farbe unterscheiden, aber zu 100 % aus biologischem Anbau stammen und schmackhafter sind als herk\u00f6mmliche Trockenfr\u00fcchte und N\u00fcsse. Zu unseren Produkten geh\u00f6ren ganze Mandeln, blanchierte Mandeln, Mandelst\u00fccke, Mandel\u00f6l, Aprikosenkerne, Aprikosenkern\u00f6l, Walnussh\u00e4lften\/-viertel, wilde Aprikosen (gemischte Sorten), Aprikosen-Habi (ein k\u00f6stlicher Snack), getrocknete \u00c4pfel und getrocknete Kakischeiben. Mandel- und Aprikosenkern\u00f6l eignet sich sowohl f\u00fcr die Kosmetik als auch f\u00fcr den direkten Verzehr.\u00a0<\/span><\/p>\t\t\t\t\t\t\t\t<\/div>\n\t\t\t\t<\/div>\n\t\t\t\t\t<\/div>\n\t\t\t\t<\/div>\n\t\t\t\t\t<\/div>\n\t\t\t\t<\/div>\n\t\t<div class=\"elementor-element elementor-element-438af864 e-con-full e-flex e-con e-parent\" data-id=\"438af864\" data-element_type=\"container\">\n\t\t\t\t<div class=\"elementor-element elementor-element-23d59065 elementor-widget elementor-widget-shortcode\" data-id=\"23d59065\" data-element_type=\"widget\" data-widget_type=\"shortcode.default\">\n\t\t\t\t<div class=\"elementor-widget-container\">\n\t\t\t\t\t\t\t<div class=\"elementor-shortcode\"><iframe src=\"https:\/\/www.google.com\/maps\/embed?pb=!1m14!1m8!1m3!1d12868.783521098643!2d74.5466988!3d36.2590231!3m2!1i1024!2i768!4f13.1!3m3!1m2!1s0x38e6213e34cdd9e5%3A0x573091c308ddfbef!2sMountain%20Fruits%20Private%20Ltd!5e0!3m2!1sen!2s!4v1706351178225!5m2!1sen!2s\" width=\"800\" height=\"500\" style=\"border:0;\" allowfullscreen=\"\" loading=\"lazy\" referrerpolicy=\"no-referrer-when-downgrade\"><\/iframe><\/div>\n\t\t\t\t\t\t<\/div>\n\t\t\t\t<\/div>\n\t\t\t\t<\/div>\n\t\t\t\t<\/div>","protected":false},"excerpt":{"rendered":"<p>About Us Region Mountain Fruits operates in the northern areas of Pakistan known as Gilgit-Baltistan bordered by the Afghanistan to [&hellip;]<\/p>","protected":false},"author":2,"featured_media":0,"parent":0,"menu_order":0,"comment_status":"closed","ping_status":"closed","template":"","meta":{"site-sidebar-layout":"default","site-content-layout":"","ast-site-content-layout":"","site-content-style":"default","site-sidebar-style":"default","ast-global-header-display":"","ast-banner-title-visibility":"","ast-main-header-display":"","ast-hfb-above-header-display":"","ast-hfb-below-header-display":"","ast-hfb-mobile-header-display":"","site-post-title":"","ast-breadcrumbs-content":"","ast-featured-img":"","footer-sml-layout":"","theme-transparent-header-meta":"","adv-header-id-meta":"","stick-header-meta":"","header-above-stick-meta":"","header-main-stick-meta":"","header-below-stick-meta":"","astra-migrate-meta-layouts":"default","ast-page-background-enabled":"default","ast-page-background-meta":{"desktop":{"background-color":"var(--ast-global-color-4)","background-image":"","background-repeat":"repeat","background-position":"center center","background-size":"auto","background-attachment":"scroll","background-type":"","background-media":"","overlay-type":"","overlay-color":"","overlay-opacity":"","overlay-gradient":""},"tablet":{"background-color":"","background-image":"","background-repeat":"repeat","background-position":"center center","background-size":"auto","background-attachment":"scroll","background-type":"","background-media":"","overlay-type":"","overlay-color":"","overlay-opacity":"","overlay-gradient":""},"mobile":{"background-color":"","background-image":"","background-repeat":"repeat","background-position":"center center","background-size":"auto","background-attachment":"scroll","background-type":"","background-media":"","overlay-type":"","overlay-color":"","overlay-opacity":"","overlay-gradient":""}},"ast-content-background-meta":{"desktop":{"background-color":"var(--ast-global-color-5)","background-image":"","background-repeat":"repeat","background-position":"center center","background-size":"auto","background-attachment":"scroll","background-type":"","background-media":"","overlay-type":"","overlay-color":"","overlay-opacity":"","overlay-gradient":""},"tablet":{"background-color":"var(--ast-global-color-5)","background-image":"","background-repeat":"repeat","background-position":"center center","background-size":"auto","background-attachment":"scroll","background-type":"","background-media":"","overlay-type":"","overlay-color":"","overlay-opacity":"","overlay-gradient":""},"mobile":{"background-color":"var(--ast-global-color-5)","background-image":"","background-repeat":"repeat","background-position":"center center","background-size":"auto","background-attachment":"scroll","background-type":"","background-media":"","overlay-type":"","overlay-color":"","overlay-opacity":"","overlay-gradient":""}},"footnotes":""},"class_list":["post-241","page","type-page","status-publish","hentry"],"_links":{"self":[{"href":"https:\/\/mfc-fairtrade.com\/de\/wp-json\/wp\/v2\/pages\/241","targetHints":{"allow":["GET"]}}],"collection":[{"href":"https:\/\/mfc-fairtrade.com\/de\/wp-json\/wp\/v2\/pages"}],"about":[{"href":"https:\/\/mfc-fairtrade.com\/de\/wp-json\/wp\/v2\/types\/page"}],"author":[{"embeddable":true,"href":"https:\/\/mfc-fairtrade.com\/de\/wp-json\/wp\/v2\/users\/2"}],"replies":[{"embeddable":true,"href":"https:\/\/mfc-fairtrade.com\/de\/wp-json\/wp\/v2\/comments?post=241"}],"version-history":[{"count":72,"href":"https:\/\/mfc-fairtrade.com\/de\/wp-json\/wp\/v2\/pages\/241\/revisions"}],"predecessor-version":[{"id":1012,"href":"https:\/\/mfc-fairtrade.com\/de\/wp-json\/wp\/v2\/pages\/241\/revisions\/1012"}],"wp:attachment":[{"href":"https:\/\/mfc-fairtrade.com\/de\/wp-json\/wp\/v2\/media?parent=241"}],"curies":[{"name":"wp","href":"https:\/\/api.w.org\/{rel}","templated":true}]}}