{"id":270,"date":"2024-01-20T11:29:22","date_gmt":"2024-01-20T11:29:22","guid":{"rendered":"https:\/\/mfc-fairtrade.com\/?page_id=270"},"modified":"2024-02-03T11:59:05","modified_gmt":"2024-02-03T11:59:05","slug":"fairtrade-farming-community","status":"publish","type":"page","link":"https:\/\/mfc-fairtrade.com\/de\/fairtrade-farming-community\/","title":{"rendered":"Fairtrade-Landwirtschaftsgemeinschaft"},"content":{"rendered":"<div data-elementor-type=\"wp-page\" data-elementor-id=\"270\" class=\"elementor elementor-270\">\n\t\t\t\t\t\t<section class=\"elementor-section elementor-top-section elementor-element elementor-element-18a86181 elementor-section-height-min-height elementor-section-boxed elementor-section-height-default elementor-section-items-middle\" data-id=\"18a86181\" data-element_type=\"section\" data-settings=\"{&quot;background_background&quot;:&quot;classic&quot;}\">\n\t\t\t\t\t\t\t<div class=\"elementor-background-overlay\"><\/div>\n\t\t\t\t\t\t\t<div class=\"elementor-container elementor-column-gap-default\">\n\t\t\t\t\t<div class=\"elementor-column elementor-col-100 elementor-top-column elementor-element elementor-element-78bb6cb9\" data-id=\"78bb6cb9\" data-element_type=\"column\" data-settings=\"{&quot;background_background&quot;:&quot;classic&quot;}\">\n\t\t\t<div class=\"elementor-widget-wrap elementor-element-populated\">\n\t\t\t\t\t\t<div class=\"elementor-element elementor-element-52da5e73 elementor-widget elementor-widget-heading\" data-id=\"52da5e73\" data-element_type=\"widget\" data-widget_type=\"heading.default\">\n\t\t\t\t<div class=\"elementor-widget-container\">\n\t\t\t\t\t<h1 class=\"elementor-heading-title elementor-size-default\">Fairtrade-Landwirtschaftsgemeinschaft<\/h1>\t\t\t\t<\/div>\n\t\t\t\t<\/div>\n\t\t\t\t\t<\/div>\n\t\t<\/div>\n\t\t\t\t\t<\/div>\n\t\t<\/section>\n\t\t<div class=\"elementor-element elementor-element-6bba6c2 e-flex e-con-boxed e-con e-parent\" data-id=\"6bba6c2\" data-element_type=\"container\">\n\t\t\t\t\t<div class=\"e-con-inner\">\n\t\t\t\t<div class=\"elementor-element elementor-element-e85f529 elementor-widget elementor-widget-text-editor\" data-id=\"e85f529\" data-element_type=\"widget\" data-widget_type=\"text-editor.default\">\n\t\t\t\t<div class=\"elementor-widget-container\">\n\t\t\t\t\t\t\t\t\t<p><span style=\"font-weight: 400;\">\u00dcber 90 Prozent der Bev\u00f6lkerung in Gilgit-Baltistan sind f\u00fcr ihren Lebensunterhalt haupts\u00e4chlich von der Landwirtschaft abh\u00e4ngig, insbesondere von Obstb\u00e4umen, die biologisch angebaut werden. Die Menschen bauen mehrere einheimische Aprikosen-, Mandel-, Walnuss- und Kirschsorten an. Da die Fr\u00fcchte nicht gentechnisch ver\u00e4ndert und nicht hybrid sind, haben sie einen einzigartigen Geschmack und sind n\u00e4hrstoffreicher. Das Wasser f\u00fcr die Bew\u00e4sserung stammt von nahegelegenen Gletschern, die Kan\u00e4le in die Berge graben. Mountain Fruits hat die \u00f6rtlichen Bauern in einer juristischen Person organisiert, der Mountain Area Fruit Farmers\u2019 Association. Die Kleinbauerngruppen bestehend aus 10-40 Bauern w\u00e4hlen ihren Fairtrade-Vertreter als Mitglied des Bauernverbandes. Der Bauernverband trifft gemeinsame Entscheidungen \u00fcber die Preisgestaltung und die Verwendung der Fairtrade-Pr\u00e4mie, erstellt einen j\u00e4hrlichen Entwicklungsplan, h\u00e4lt eine Jahreshauptversammlung ab und f\u00fchrt j\u00e4hrlich eine Finanzpr\u00fcfung durch. Die Zahl der weiblichen Mitglieder im Verband ist aufgrund des R\u00fcckgangs der Nachfrage nach Produkten infolge der COVID-19-Pandemie und des Brexit zur\u00fcckgegangen.<\/span><\/p>\t\t\t\t\t\t\t\t<\/div>\n\t\t\t\t<\/div>\n\t\t<div class=\"elementor-element elementor-element-08490e5 e-grid e-con-boxed e-con e-child\" data-id=\"08490e5\" data-element_type=\"container\">\n\t\t\t\t\t<div class=\"e-con-inner\">\n\t\t\t\t<div class=\"elementor-element elementor-element-98a7443 elementor-widget elementor-widget-image\" data-id=\"98a7443\" data-element_type=\"widget\" data-widget_type=\"image.default\">\n\t\t\t\t<div class=\"elementor-widget-container\">\n\t\t\t\t\t\t\t\t\t\t\t\t<figure class=\"wp-caption\">\n\t\t\t\t\t\t\t\t\t\t\t<a href=\"https:\/\/mfc-fairtrade.com\/wp-content\/uploads\/2024\/01\/DSCF2027_Fotor-1024x768-1.jpeg\" data-elementor-open-lightbox=\"yes\" data-elementor-lightbox-title=\"DSCF2027_Fotor-1024x768 (1)\" data-e-action-hash=\"#elementor-action%3Aaction%3Dlightbox%26settings%3DeyJpZCI6MjcyLCJ1cmwiOiJodHRwczpcL1wvbWZjLWZhaXJ0cmFkZS5jb21cL3dwLWNvbnRlbnRcL3VwbG9hZHNcLzIwMjRcLzAxXC9EU0NGMjAyN19Gb3Rvci0xMDI0eDc2OC0xLmpwZWcifQ%3D%3D\">\n\t\t\t\t\t\t\t<img fetchpriority=\"high\" decoding=\"async\" width=\"1024\" height=\"768\" src=\"https:\/\/mfc-fairtrade.com\/wp-content\/uploads\/2024\/01\/DSCF2027_Fotor-1024x768-1.jpeg\" class=\"attachment-large size-large wp-image-272\" alt=\"Community participating in a Fairtrade meeting with PEB discussing cherry drying plan (Hunza Valley)\" srcset=\"https:\/\/mfc-fairtrade.com\/wp-content\/uploads\/2024\/01\/DSCF2027_Fotor-1024x768-1.jpeg 1024w, https:\/\/mfc-fairtrade.com\/wp-content\/uploads\/2024\/01\/DSCF2027_Fotor-1024x768-1-300x225.jpeg 300w, https:\/\/mfc-fairtrade.com\/wp-content\/uploads\/2024\/01\/DSCF2027_Fotor-1024x768-1-768x576.jpeg 768w\" sizes=\"(max-width: 1024px) 100vw, 1024px\" \/>\t\t\t\t\t\t\t\t<\/a>\n\t\t\t\t\t\t\t\t\t\t\t<figcaption class=\"widget-image-caption wp-caption-text\">Kleinbauern halten ein Treffen mit PEB ab, um den Kirschtrocknungsplan zu besprechen (Ghizer Valley)<\/figcaption>\n\t\t\t\t\t\t\t\t\t\t<\/figure>\n\t\t\t\t\t\t\t\t\t<\/div>\n\t\t\t\t<\/div>\n\t\t\t\t<div class=\"elementor-element elementor-element-5489ee9 elementor-widget elementor-widget-image\" data-id=\"5489ee9\" data-element_type=\"widget\" data-widget_type=\"image.default\">\n\t\t\t\t<div class=\"elementor-widget-container\">\n\t\t\t\t\t\t\t\t\t\t\t\t<figure class=\"wp-caption\">\n\t\t\t\t\t\t\t\t\t\t\t<a href=\"https:\/\/mfc-fairtrade.com\/wp-content\/uploads\/2024\/01\/DSCF1880_Fotor-1.jpeg\" data-elementor-open-lightbox=\"yes\" data-elementor-lightbox-title=\"DSCF1880_Fotor (1)\" data-e-action-hash=\"#elementor-action%3Aaction%3Dlightbox%26settings%3DeyJpZCI6MjczLCJ1cmwiOiJodHRwczpcL1wvbWZjLWZhaXJ0cmFkZS5jb21cL3dwLWNvbnRlbnRcL3VwbG9hZHNcLzIwMjRcLzAxXC9EU0NGMTg4MF9Gb3Rvci0xLmpwZWcifQ%3D%3D\">\n\t\t\t\t\t\t\t<img decoding=\"async\" width=\"1024\" height=\"768\" src=\"https:\/\/mfc-fairtrade.com\/wp-content\/uploads\/2024\/01\/DSCF1880_Fotor-1-1024x768.jpeg\" class=\"attachment-large size-large wp-image-273\" alt=\"\" srcset=\"https:\/\/mfc-fairtrade.com\/wp-content\/uploads\/2024\/01\/DSCF1880_Fotor-1-1024x768.jpeg 1024w, https:\/\/mfc-fairtrade.com\/wp-content\/uploads\/2024\/01\/DSCF1880_Fotor-1-300x225.jpeg 300w, https:\/\/mfc-fairtrade.com\/wp-content\/uploads\/2024\/01\/DSCF1880_Fotor-1-768x576.jpeg 768w, https:\/\/mfc-fairtrade.com\/wp-content\/uploads\/2024\/01\/DSCF1880_Fotor-1.jpeg 1498w\" sizes=\"(max-width: 1024px) 100vw, 1024px\" \/>\t\t\t\t\t\t\t\t<\/a>\n\t\t\t\t\t\t\t\t\t\t\t<figcaption class=\"widget-image-caption wp-caption-text\">Gemeinde erh\u00e4lt einen Fairtrade-Pr\u00e4mienscheck f\u00fcr die Sanierung eines Bew\u00e4sserungskanals (Ghizer Valley)<\/figcaption>\n\t\t\t\t\t\t\t\t\t\t<\/figure>\n\t\t\t\t\t\t\t\t\t<\/div>\n\t\t\t\t<\/div>\n\t\t\t\t<div class=\"elementor-element elementor-element-b82278f elementor-widget elementor-widget-image\" data-id=\"b82278f\" data-element_type=\"widget\" data-widget_type=\"image.default\">\n\t\t\t\t<div class=\"elementor-widget-container\">\n\t\t\t\t\t\t\t\t\t\t\t\t<figure class=\"wp-caption\">\n\t\t\t\t\t\t\t\t\t\t\t<a href=\"https:\/\/mfc-fairtrade.com\/wp-content\/uploads\/2024\/01\/DSCF2112_Fotor-1024x768-1.jpeg\" data-elementor-open-lightbox=\"yes\" data-elementor-lightbox-title=\"DSCF2112_Fotor-1024x768 (1)\" data-e-action-hash=\"#elementor-action%3Aaction%3Dlightbox%26settings%3DeyJpZCI6Mjc0LCJ1cmwiOiJodHRwczpcL1wvbWZjLWZhaXJ0cmFkZS5jb21cL3dwLWNvbnRlbnRcL3VwbG9hZHNcLzIwMjRcLzAxXC9EU0NGMjExMl9Gb3Rvci0xMDI0eDc2OC0xLmpwZWcifQ%3D%3D\">\n\t\t\t\t\t\t\t<img decoding=\"async\" width=\"1024\" height=\"768\" src=\"https:\/\/mfc-fairtrade.com\/wp-content\/uploads\/2024\/01\/DSCF2112_Fotor-1024x768-1.jpeg\" class=\"attachment-large size-large wp-image-274\" alt=\"\" srcset=\"https:\/\/mfc-fairtrade.com\/wp-content\/uploads\/2024\/01\/DSCF2112_Fotor-1024x768-1.jpeg 1024w, https:\/\/mfc-fairtrade.com\/wp-content\/uploads\/2024\/01\/DSCF2112_Fotor-1024x768-1-300x225.jpeg 300w, https:\/\/mfc-fairtrade.com\/wp-content\/uploads\/2024\/01\/DSCF2112_Fotor-1024x768-1-768x576.jpeg 768w\" sizes=\"(max-width: 1024px) 100vw, 1024px\" \/>\t\t\t\t\t\t\t\t<\/a>\n\t\t\t\t\t\t\t\t\t\t\t<figcaption class=\"widget-image-caption wp-caption-text\">Weibliche Produzentengruppe erh\u00e4lt einen Fairtrade-Pr\u00e4mienscheck f\u00fcr eine ECD-Schule (Ghizer Valley)<\/figcaption>\n\t\t\t\t\t\t\t\t\t\t<\/figure>\n\t\t\t\t\t\t\t\t\t<\/div>\n\t\t\t\t<\/div>\n\t\t\t\t<div class=\"elementor-element elementor-element-ed8a52e elementor-widget elementor-widget-image\" data-id=\"ed8a52e\" data-element_type=\"widget\" data-widget_type=\"image.default\">\n\t\t\t\t<div class=\"elementor-widget-container\">\n\t\t\t\t\t\t\t\t\t\t\t\t<figure class=\"wp-caption\">\n\t\t\t\t\t\t\t\t\t\t\t<a href=\"https:\/\/mfc-fairtrade.com\/wp-content\/uploads\/2024\/02\/DSC01363.webp\" data-elementor-open-lightbox=\"yes\" data-elementor-lightbox-title=\"Fresh Cherry\" data-e-action-hash=\"#elementor-action%3Aaction%3Dlightbox%26settings%3DeyJpZCI6MTAzMiwidXJsIjoiaHR0cHM6XC9cL21mYy1mYWlydHJhZGUuY29tXC93cC1jb250ZW50XC91cGxvYWRzXC8yMDI0XC8wMlwvRFNDMDEzNjMud2VicCJ9\">\n\t\t\t\t\t\t\t<img loading=\"lazy\" decoding=\"async\" width=\"1024\" height=\"768\" src=\"https:\/\/mfc-fairtrade.com\/wp-content\/uploads\/2024\/02\/DSC01363-1024x768.webp\" class=\"attachment-large size-large wp-image-1032\" alt=\"Cherry\" srcset=\"https:\/\/mfc-fairtrade.com\/wp-content\/uploads\/2024\/02\/DSC01363-1024x768.webp 1024w, https:\/\/mfc-fairtrade.com\/wp-content\/uploads\/2024\/02\/DSC01363-300x225.webp 300w, https:\/\/mfc-fairtrade.com\/wp-content\/uploads\/2024\/02\/DSC01363-768x576.webp 768w, https:\/\/mfc-fairtrade.com\/wp-content\/uploads\/2024\/02\/DSC01363-1536x1152.webp 1536w, https:\/\/mfc-fairtrade.com\/wp-content\/uploads\/2024\/02\/DSC01363.webp 1920w\" sizes=\"(max-width: 1024px) 100vw, 1024px\" \/>\t\t\t\t\t\t\t\t<\/a>\n\t\t\t\t\t\t\t\t\t\t\t<figcaption class=\"widget-image-caption wp-caption-text\">Ein Bauer pfl\u00fcckt frische Bio-Kirschen zum Trocknen (Hunza-Tal)<\/figcaption>\n\t\t\t\t\t\t\t\t\t\t<\/figure>\n\t\t\t\t\t\t\t\t\t<\/div>\n\t\t\t\t<\/div>\n\t\t\t\t\t<\/div>\n\t\t\t\t<\/div>\n\t\t\t\t\t<\/div>\n\t\t\t\t<\/div>\n\t\t\t\t<\/div>","protected":false},"excerpt":{"rendered":"<p>Fairtrade Farming Community Over 90 percent of the population in Gilgit\u2013Baltistan is primarily dependent on agriculture for subsistence, especially fruit [&hellip;]<\/p>","protected":false},"author":2,"featured_media":0,"parent":0,"menu_order":0,"comment_status":"closed","ping_status":"closed","template":"","meta":{"site-sidebar-layout":"default","site-content-layout":"","ast-site-content-layout":"","site-content-style":"default","site-sidebar-style":"default","ast-global-header-display":"","ast-banner-title-visibility":"","ast-main-header-display":"","ast-hfb-above-header-display":"","ast-hfb-below-header-display":"","ast-hfb-mobile-header-display":"","site-post-title":"","ast-breadcrumbs-content":"","ast-featured-img":"","footer-sml-layout":"","theme-transparent-header-meta":"","adv-header-id-meta":"","stick-header-meta":"","header-above-stick-meta":"","header-main-stick-meta":"","header-below-stick-meta":"","astra-migrate-meta-layouts":"default","ast-page-background-enabled":"default","ast-page-background-meta":{"desktop":{"background-color":"var(--ast-global-color-4)","background-image":"","background-repeat":"repeat","background-position":"center center","background-size":"auto","background-attachment":"scroll","background-type":"","background-media":"","overlay-type":"","overlay-color":"","overlay-opacity":"","overlay-gradient":""},"tablet":{"background-color":"","background-image":"","background-repeat":"repeat","background-position":"center center","background-size":"auto","background-attachment":"scroll","background-type":"","background-media":"","overlay-type":"","overlay-color":"","overlay-opacity":"","overlay-gradient":""},"mobile":{"background-color":"","background-image":"","background-repeat":"repeat","background-position":"center center","background-size":"auto","background-attachment":"scroll","background-type":"","background-media":"","overlay-type":"","overlay-color":"","overlay-opacity":"","overlay-gradient":""}},"ast-content-background-meta":{"desktop":{"background-color":"var(--ast-global-color-5)","background-image":"","background-repeat":"repeat","background-position":"center center","background-size":"auto","background-attachment":"scroll","background-type":"","background-media":"","overlay-type":"","overlay-color":"","overlay-opacity":"","overlay-gradient":""},"tablet":{"background-color":"var(--ast-global-color-5)","background-image":"","background-repeat":"repeat","background-position":"center center","background-size":"auto","background-attachment":"scroll","background-type":"","background-media":"","overlay-type":"","overlay-color":"","overlay-opacity":"","overlay-gradient":""},"mobile":{"background-color":"var(--ast-global-color-5)","background-image":"","background-repeat":"repeat","background-position":"center center","background-size":"auto","background-attachment":"scroll","background-type":"","background-media":"","overlay-type":"","overlay-color":"","overlay-opacity":"","overlay-gradient":""}},"footnotes":""},"class_list":["post-270","page","type-page","status-publish","hentry"],"_links":{"self":[{"href":"https:\/\/mfc-fairtrade.com\/de\/wp-json\/wp\/v2\/pages\/270","targetHints":{"allow":["GET"]}}],"collection":[{"href":"https:\/\/mfc-fairtrade.com\/de\/wp-json\/wp\/v2\/pages"}],"about":[{"href":"https:\/\/mfc-fairtrade.com\/de\/wp-json\/wp\/v2\/types\/page"}],"author":[{"embeddable":true,"href":"https:\/\/mfc-fairtrade.com\/de\/wp-json\/wp\/v2\/users\/2"}],"replies":[{"embeddable":true,"href":"https:\/\/mfc-fairtrade.com\/de\/wp-json\/wp\/v2\/comments?post=270"}],"version-history":[{"count":43,"href":"https:\/\/mfc-fairtrade.com\/de\/wp-json\/wp\/v2\/pages\/270\/revisions"}],"predecessor-version":[{"id":1107,"href":"https:\/\/mfc-fairtrade.com\/de\/wp-json\/wp\/v2\/pages\/270\/revisions\/1107"}],"wp:attachment":[{"href":"https:\/\/mfc-fairtrade.com\/de\/wp-json\/wp\/v2\/media?parent=270"}],"curies":[{"name":"wp","href":"https:\/\/api.w.org\/{rel}","templated":true}]}}